{"id":7,"date":"2018-09-21T09:11:25","date_gmt":"2018-09-21T06:11:25","guid":{"rendered":"https:\/\/loomus.ee\/kalad\/?page_id=7"},"modified":"2018-09-21T09:33:34","modified_gmt":"2018-09-21T06:33:34","slug":"loomuse-privaatsuspoliitika","status":"publish","type":"page","link":"https:\/\/loomus.ee\/kalad\/loomuse-privaatsuspoliitika\/","title":{"rendered":"Privaatsuspoliitika"},"content":{"rendered":"\n<p><strong>MT\u00dcle Loomus<\/strong>, registrikood 80222016, aadress Harju k\u00fcla, Hiiumaa, 92028 (edaspidi \u201e<strong>Loomus<\/strong>\u201c), on v\u00e4ltimatult vajalik koguda \u00a0(edaspidi \u201e<strong>Sina<\/strong>\u201c) isikuandmeid selleks, et teavitada v\u00f5imalikult paljusid inimesi meie tegevusest. Anname Sulle k\u00e4esolevaga kokkuv\u00f5tliku \u00fclevaate Sinu isikuandmetega tehtavatest toimingutest.<\/p>\n\n\n\n<p><strong>1. Sinu isikuandmed, nende t\u00f6\u00f6tlemise eesm\u00e4rgid ja alused<\/strong><\/p>\n\n\n\n<p>Loomus kogub Sinu kohta j\u00e4rgmisi isikuandmeid:<\/p>\n\n\n\n<ul><li><strong>Kontaktandmed:<\/strong>nimi (ees- ja perekonnanimi), aadress, telefoninumber, e-posti aadress;<\/li><li><strong>Isikuandmed:<\/strong>\u00a0Isikukood;<\/li><\/ul>\n\n\n\n<p>Neid isikuandmeid t\u00f6\u00f6tleme, et t\u00e4ita j\u00e4rgmiseid eesm\u00e4rke:<\/p>\n\n\n\n<ul><li>Info edastamiseks.<\/li><li>Sinuga \u00fchenduse v\u00f5tmiseks.<\/li><li>EV Maksu- ja Tolliametit Sinu annetustest teavitamiseks.<\/li><li>Loomuse kampaaniatest teavitamiseks ja uudiskirjade edastamiseks.<\/li><li>Avaliku v\u00f5imu organi v\u00f5i riigiasutuse infop\u00e4ringule vastamiseks.<\/li><li>Mis tahes muu seadusest tuleneva kohustuse t\u00e4itmiseks.<\/li><\/ul>\n\n\n\n<p><strong>2. Sinu isikuandmete edastamine<\/strong><\/p>\n\n\n\n<p>Loomus v\u00f5ib edastada Sinu isikuandmeid kolmandatele isikutele, nagu n\u00e4iteks pilveteenuse osutajale, t\u00e4nu kellele suudame tagada Sinu isikuandmete turvalise s\u00e4ilitamise, raamatupidajale tavap\u00e4raseks arvepidamiseks, Isikud, kellele me Sinu isikuandmeid edastame v\u00f5ivad asuda nii Euroopa Liidus kui ka sellest v\u00e4ljaspool. Loomus v\u00f5tab endale kohustuse tagada Sinu isikuandmete turvalisus, sh et Sinu isikuandmed oleksid kaitstud mistahes v\u00e4\u00e4rkasutamise, volitamatu juurdep\u00e4\u00e4su, avalikustamise, muutmise v\u00f5i h\u00e4vitamise eest.<\/p>\n\n\n\n<p><strong>3.\u00a0Sinu \u00f5igused<\/strong><\/p>\n\n\n\n<p><strong>\u00d5igus isikuandmetega tutvuda<\/strong>\u00a0\u2013 \u00f5iguse alusel on Sul v\u00f5imalik tutvuda k\u00f5ikide isikuandmetega, mida Loomus on Sinu kohta kogunud ja teabega, mis puudutab kogutud isikuandmete t\u00f6\u00f6tlemist.<br\/><strong>\u00d5igus isikuandmete parandamisele<\/strong>\u00a0\u2013 \u00f5iguse alusel on Sul v\u00f5imalik n\u00f5uda eba\u00f5igete v\u00f5i mittet\u00e4ielike isikuandmete parandamist Loomuse poolt. N\u00e4iteks on Sul v\u00f5imalik n\u00f5uda isikuandmete parandamist olukorras, kus Sinu e-posti aadress on muutunud ning Sa soovid vana e-posti aadressi asendada uuega.<br\/><strong>\u00d5igus isikuandmete kustutamisele<\/strong>\u00a0\u2013 \u00f5igust on Sul v\u00f5imalik kasutada eelk\u00f5ige selliste isikuandmete osas, mida Loomus t\u00f6\u00f6tleb Sinu n\u00f5usoleku alusel.<br\/><strong>\u00d5igus t\u00f6\u00f6tlemise piiramisele<\/strong>\u00a0\u2013 \u00f5iguse kasutamine on asjakohane n\u00e4iteks, kui leiad, et Sinu isikuandmete t\u00f6\u00f6tlemine on ebaseaduslik v\u00f5i kui Sinu isikuandmete t\u00f6\u00f6tlemise eesm\u00e4rk on \u00e4ra langenud.<br\/><strong>\u00d5igus v\u00f5tta tagasi Loomusele isikuandmete t\u00f6\u00f6tlemiseks antud n\u00f5usolek<\/strong>\u00a0\u2013 \u00f5iguse alusel on Sul igal aja hetkel v\u00f5imalik v\u00f5tta tagasi Loomusele isikuandmete t\u00f6\u00f6tlemiseks antud n\u00f5usolek.<br\/><strong>\u00d5igus esitada kaebus Andmekaitse Inspektsioonile<\/strong>\u00a0\u2013 Sul on \u00f5igus p\u00f6\u00f6rduda Andmekaitse Inspektsiooni poole, kui Sa leiad, et Sinu isikuandmeid ei ole n\u00f5uetekohaselt t\u00f6\u00f6deldud.<br\/>Juhul, kui sa soovid kasutada m\u00f5nda \u00fclal nimetatud \u00f5igust v\u00f5i soovid saada rohkem informatsiooni Sinu isikuandmete t\u00f6\u00f6tlemise kohta, siis v\u00f5ta Loomusegaga \u00fchendust e-posti aadressil\u00a0<a href=\"mailto:info@loomus.ee\">info@loomus.ee<\/a>.<\/p>\n","protected":false},"excerpt":{"rendered":"<p>MT\u00dcle Loomus, registrikood 80222016, aadress Harju k\u00fcla, Hiiumaa, 92028 (edaspidi \u201eLoomus\u201c), on v\u00e4ltimatult vajalik koguda \u00a0(edaspidi \u201eSina\u201c) isikuandmeid selleks, et teavitada v\u00f5imalikult paljusid inimesi meie tegevusest. Anname Sulle k\u00e4esolevaga kokkuv\u00f5tliku \u00fclevaate Sinu isikuandmetega tehtavatest toimingutest. 1. Sinu isikuandmed, nende t\u00f6\u00f6tlemise eesm\u00e4rgid ja alused Loomus kogub&#46;&#46;&#46;<\/p>\n","protected":false},"author":3,"featured_media":0,"parent":0,"menu_order":0,"comment_status":"closed","ping_status":"closed","template":"","meta":[],"_links":{"self":[{"href":"https:\/\/loomus.ee\/kalad\/wp-json\/wp\/v2\/pages\/7"}],"collection":[{"href":"https:\/\/loomus.ee\/kalad\/wp-json\/wp\/v2\/pages"}],"about":[{"href":"https:\/\/loomus.ee\/kalad\/wp-json\/wp\/v2\/types\/page"}],"author":[{"embeddable":true,"href":"https:\/\/loomus.ee\/kalad\/wp-json\/wp\/v2\/users\/3"}],"replies":[{"embeddable":true,"href":"https:\/\/loomus.ee\/kalad\/wp-json\/wp\/v2\/comments?post=7"}],"version-history":[{"count":2,"href":"https:\/\/loomus.ee\/kalad\/wp-json\/wp\/v2\/pages\/7\/revisions"}],"predecessor-version":[{"id":29,"href":"https:\/\/loomus.ee\/kalad\/wp-json\/wp\/v2\/pages\/7\/revisions\/29"}],"wp:attachment":[{"href":"https:\/\/loomus.ee\/kalad\/wp-json\/wp\/v2\/media?parent=7"}],"curies":[{"name":"wp","href":"https:\/\/api.w.org\/{rel}","templated":true}]}}